{"id":48,"date":"2025-02-22T21:11:25","date_gmt":"2025-02-22T19:11:25","guid":{"rendered":"https:\/\/piitt.khmnu.edu.ua\/?page_id=48"},"modified":"2025-03-10T22:39:31","modified_gmt":"2025-03-10T20:39:31","slug":"pochesnyj-patronat","status":"publish","type":"page","link":"https:\/\/piitt.khmnu.edu.ua\/en\/pochesnyj-patronat\/","title":{"rendered":"Honorary patronage"},"content":{"rendered":"<div class=\"wp-block-columns is-layout-flex wp-container-core-columns-layout-1 wp-block-columns-is-layout-flex\">\n<div class=\"wp-block-column is-vertically-aligned-bottom is-layout-flow wp-block-column-is-layout-flow\">\n<p>Rector of Khmelnytskyi National University\nprof. <strong>Serhii Matiukh<\/strong> (Rektor Chmielnickiego Uniwersytetu Narodowego prof. <strong>Serhij Matyukh<\/strong>)<\/p>\n<\/div>\n\n\n\n<div class=\"wp-block-column is-layout-flow wp-block-column-is-layout-flow\"><div class=\"wp-block-image\">\n<figure class=\"aligncenter size-medium\"><img loading=\"lazy\" decoding=\"async\" width=\"257\" height=\"300\" src=\"https:\/\/piitt.khmnu.edu.ua\/wp-content\/uploads\/sites\/9\/2025\/02\/sergiy_matyh-257x300.jpg\" alt=\"\" class=\"wp-image-83\" srcset=\"https:\/\/piitt.khmnu.edu.ua\/wp-content\/uploads\/sites\/9\/2025\/02\/sergiy_matyh-257x300.jpg 257w, https:\/\/piitt.khmnu.edu.ua\/wp-content\/uploads\/sites\/9\/2025\/02\/sergiy_matyh-10x12.jpg 10w, https:\/\/piitt.khmnu.edu.ua\/wp-content\/uploads\/sites\/9\/2025\/02\/sergiy_matyh.jpg 600w\" sizes=\"(max-width: 257px) 100vw, 257px\" \/><\/figure><\/div><\/div>\n<\/div>\n\n\n\n<div class=\"wp-block-columns is-layout-flex wp-container-core-columns-layout-2 wp-block-columns-is-layout-flex\">\n<div class=\"wp-block-column is-vertically-aligned-bottom is-layout-flow wp-block-column-is-layout-flow\">\n<p>Rector of Silesian University of Technology\nprof. dr hab. in\u017c. <strong>Marek Pawe\u0142czyk<\/strong> (Rektor Politechniki \u015al\u0105skiej prof. dr hab. in\u017c. <strong>Marek Pawe\u0142czy<\/strong>)<\/p>\n<\/div>\n\n\n\n<div class=\"wp-block-column is-layout-flow wp-block-column-is-layout-flow\"><div class=\"wp-block-image\">\n<figure class=\"aligncenter size-medium\"><img loading=\"lazy\" decoding=\"async\" width=\"214\" height=\"300\" src=\"https:\/\/piitt.khmnu.edu.ua\/wp-content\/uploads\/sites\/9\/2025\/02\/pavelchykm-214x300.jpg\" alt=\"\" class=\"wp-image-79\" srcset=\"https:\/\/piitt.khmnu.edu.ua\/wp-content\/uploads\/sites\/9\/2025\/02\/pavelchykm-214x300.jpg 214w, https:\/\/piitt.khmnu.edu.ua\/wp-content\/uploads\/sites\/9\/2025\/02\/pavelchykm-9x12.jpg 9w, https:\/\/piitt.khmnu.edu.ua\/wp-content\/uploads\/sites\/9\/2025\/02\/pavelchykm.jpg 422w\" sizes=\"(max-width: 214px) 100vw, 214px\" \/><\/figure><\/div><\/div>\n<\/div>","protected":false},"excerpt":{"rendered":"<p>\u0420\u0435\u043a\u0442\u043e\u0440 \u0425\u043c\u0435\u043b\u044c\u043d\u0438\u0446\u044c\u043a\u043e\u0433\u043e \u043d\u0430\u0446\u0456\u043e\u043d\u0430\u043b\u044c\u043d\u043e\u0433\u043e \u0443\u043d\u0456\u0432\u0435\u0440\u0441\u0438\u0442\u0435\u0442\u0443 \u043f\u0440\u043e\u0444. \u0421\u0435\u0440\u0433\u0456\u0439 \u041c\u0430\u0442\u044e\u0445 (Rektor Chmielnickiego Uniwersytetu Narodowego prof. Serhij Matyukh) \u0420\u0435\u043a\u0442\u043e\u0440 \u0421\u0456\u043b\u0435\u0437\u044c\u043a\u043e\u0433\u043e \u0442\u0435\u0445\u043d\u043e\u043b\u043e\u0433\u0456\u0447\u043d\u043e\u0433\u043e \u0443\u043d\u0456\u0432\u0435\u0440\u0441\u0438\u0442\u0435\u0442\u0443 \u043f\u0440\u043e\u0444. \u041c\u0430\u0440\u0435\u043a \u041f\u0430\u0432\u0435\u043b\u044c\u0447\u0438\u043a (Rektor Politechniki \u015al\u0105skiej prof. dr hab. in\u017c. Marek Pawe\u0142czy)<\/p>","protected":false},"author":11,"featured_media":0,"parent":0,"menu_order":0,"comment_status":"closed","ping_status":"closed","template":"","meta":{"neve_meta_sidebar":"","neve_meta_container":"","neve_meta_enable_content_width":"","neve_meta_content_width":0,"neve_meta_title_alignment":"","neve_meta_author_avatar":"","neve_post_elements_order":"","neve_meta_disable_header":"","neve_meta_disable_footer":"","neve_meta_disable_title":"","footnotes":""},"_links":{"self":[{"href":"https:\/\/piitt.khmnu.edu.ua\/en\/wp-json\/wp\/v2\/pages\/48"}],"collection":[{"href":"https:\/\/piitt.khmnu.edu.ua\/en\/wp-json\/wp\/v2\/pages"}],"about":[{"href":"https:\/\/piitt.khmnu.edu.ua\/en\/wp-json\/wp\/v2\/types\/page"}],"author":[{"embeddable":true,"href":"https:\/\/piitt.khmnu.edu.ua\/en\/wp-json\/wp\/v2\/users\/11"}],"replies":[{"embeddable":true,"href":"https:\/\/piitt.khmnu.edu.ua\/en\/wp-json\/wp\/v2\/comments?post=48"}],"version-history":[{"count":3,"href":"https:\/\/piitt.khmnu.edu.ua\/en\/wp-json\/wp\/v2\/pages\/48\/revisions"}],"predecessor-version":[{"id":260,"href":"https:\/\/piitt.khmnu.edu.ua\/en\/wp-json\/wp\/v2\/pages\/48\/revisions\/260"}],"wp:attachment":[{"href":"https:\/\/piitt.khmnu.edu.ua\/en\/wp-json\/wp\/v2\/media?parent=48"}],"curies":[{"name":"wp","href":"https:\/\/api.w.org\/{rel}","templated":true}]}}