{"id":2,"date":"2025-02-21T12:03:17","date_gmt":"2025-02-21T10:03:17","guid":{"rendered":"http:\/\/piitt.deptml.khmnu.edu.ua\/?page_id=2"},"modified":"2026-03-07T10:21:35","modified_gmt":"2026-03-07T08:21:35","slug":"sample-page","status":"publish","type":"page","link":"https:\/\/piitt.khmnu.edu.ua\/en\/","title":{"rendered":"About the conference"},"content":{"rendered":"<p>III \u041c\u0456\u0436\u043d\u0430\u0440\u043e\u0434\u043d\u0430 \u043d\u0430\u0443\u043a\u043e\u0432\u0430 \u043a\u043e\u043d\u0444\u0435\u0440\u0435\u043d\u0446\u0456\u044f \u0441\u0442\u0443\u0434\u0435\u043d\u0442\u0456\u0432 \u0456 \u043c\u043e\u043b\u043e\u0434\u0438\u0445 \u0432\u0447\u0435\u043d\u0438\u0445 \u00ab<strong>Problems and Innovations in the Development of Engineering, Technologies and Transport<\/strong>\u00bb <strong>\u043f\u0440\u0438\u0441\u0432\u044f\u0447\u0435\u043d\u0430 60-\u0440\u0456\u0447\u0447\u044e \u0444\u0430\u043a\u0443\u043b\u044c\u0442\u0435\u0442\u0443 \u0456\u043d\u0436\u0435\u043d\u0435\u0440\u0456\u0457, \u0442\u0440\u0430\u043d\u0441\u043f\u043e\u0440\u0442\u0443 \u0442\u0430 \u0430\u0440\u0445\u0456\u0442\u0435\u043a\u0442\u0443\u0440\u0438<\/strong> \u2013 \u0446\u0435 \u0446\u0438\u043a\u043b\u0456\u0447\u043d\u0438\u0439 \u043d\u0430\u0443\u043a\u043e\u0432\u0438\u0439 \u0437\u0430\u0445\u0456\u0434, \u043e\u0440\u0433\u0430\u043d\u0456\u0437\u043e\u0432\u0430\u043d\u0438\u0439 \u0444\u0430\u043a\u0443\u043b\u044c\u0442\u0435\u0442\u043e\u043c \u0456\u043d\u0436\u0435\u043d\u0435\u0440\u0456\u0457, \u0442\u0440\u0430\u043d\u0441\u043f\u043e\u0440\u0442\u0443 \u0442\u0430 \u0430\u0440\u0445\u0456\u0442\u0435\u043a\u0442\u0443\u0440\u0438 \u0425\u043c\u0435\u043b\u044c\u043d\u0438\u0446\u044c\u043a\u043e\u0433\u043e \u043d\u0430\u0446\u0456\u043e\u043d\u0430\u043b\u044c\u043d\u043e\u0433\u043e \u0443\u043d\u0456\u0432\u0435\u0440\u0441\u0438\u0442\u0435\u0442\u0443 (\u0423\u043a\u0440\u0430\u0457\u043d\u0430) \u0442\u0430 \u043c\u0435\u0445\u0430\u043d\u0456\u043a\u043e-\u0442\u0435\u0445\u043d\u043e\u043b\u043e\u0433\u0456\u0447\u043d\u0438\u043c \u0444\u0430\u043a\u0443\u043b\u044c\u0442\u0435\u0442\u043e\u043c \u0421\u0456\u043b\u0435\u0437\u044c\u043a\u043e\u0433\u043e \u0442\u0435\u0445\u043d\u043e\u043b\u043e\u0433\u0456\u0447\u043d\u043e\u0433\u043e \u0443\u043d\u0456\u0432\u0435\u0440\u0441\u0438\u0442\u0435\u0442\u0443 (\u041f\u043e\u043b\u044c\u0449\u0430). \u041a\u043e\u043d\u0444\u0435\u0440\u0435\u043d\u0446\u0456\u044f \u0454 \u043f\u043b\u0430\u0442\u0444\u043e\u0440\u043c\u043e\u044e \u0434\u043b\u044f \u043d\u0430\u0443\u043a\u043e\u0432\u043e\u0457 \u043a\u043e\u043c\u0443\u043d\u0456\u043a\u0430\u0446\u0456\u0457, \u043e\u0431\u043c\u0456\u043d\u0443 \u0437\u043d\u0430\u043d\u043d\u044f\u043c\u0438 \u0442\u0430 \u0441\u043f\u0456\u0432\u043f\u0440\u0430\u0446\u0456 \u043c\u0456\u0436 \u043c\u043e\u043b\u043e\u0434\u0438\u043c\u0438 \u0434\u043e\u0441\u043b\u0456\u0434\u043d\u0438\u043a\u0430\u043c\u0438 \u0442\u0430 \u0444\u0430\u0445\u0456\u0432\u0446\u044f\u043c\u0438 \u0440\u0456\u0437\u043d\u0438\u0445 \u0433\u0430\u043b\u0443\u0437\u0435\u0439. \u041f\u0435\u0440\u0448\u0430 \u043a\u043e\u043d\u0444\u0435\u0440\u0435\u043d\u0446\u0456\u044f \u043e\u0431\u2019\u0454\u0434\u043d\u0430\u043b\u0430 \u043f\u0440\u0435\u0434\u0441\u0442\u0430\u0432\u043d\u0438\u043a\u0456\u0432 \u043f\u0440\u043e\u0432\u0456\u0434\u043d\u0438\u0445 \u0443\u043a\u0440\u0430\u0457\u043d\u0441\u044c\u043a\u0438\u0445 \u0442\u0430 \u0454\u0432\u0440\u043e\u043f\u0435\u0439\u0441\u044c\u043a\u0438\u0445 \u0443\u043d\u0456\u0432\u0435\u0440\u0441\u0438\u0442\u0435\u0442\u0456\u0432, \u0449\u043e \u043f\u0456\u0434\u0442\u0432\u0435\u0440\u0434\u0436\u0443\u0454 \u0457\u0457 \u043c\u0456\u0436\u043d\u0430\u0440\u043e\u0434\u043d\u0438\u0439 \u0441\u0442\u0430\u0442\u0443\u0441 \u0442\u0430 \u0432\u0430\u0436\u043b\u0438\u0432\u0456\u0441\u0442\u044c \u0434\u043b\u044f \u0440\u043e\u0437\u0432\u0438\u0442\u043a\u0443 \u043d\u0430\u0443\u043a\u043e\u0432\u043e\u0457 \u0441\u043f\u0456\u043b\u044c\u043d\u043e\u0442\u0438.<\/p>\n\n\n\n<p><strong>The aim of the conference:<\/strong><\/p>\n\n\n\n<p>- promoting the integration and expanding the international scientific cooperation for the implementation of innovative solutions in various fields;<\/p>\n\n\n\n<p>- discussing current scientific research and prospects for their development;<\/p>\n\n\n\n<p>- searching for effective solutions for current problems of modern science and technology;<\/p>\n\n\n\n<p>- exchanging information, scientific achievements and practical experience;<\/p>\n\n\n\n<p>- establishing contacts between representatives of various scientific fields and publication of research results.<\/p>\n\n\n\n<p><strong>Days of conference and deadline for submission<\/strong>:<\/p>\n\n\n\n<ul>\n<li>\u041a\u043e\u043d\u0444\u0435\u0440\u0435\u043d\u0446\u0456\u044f \u0432\u0456\u0434\u0431\u0443\u0434\u0435\u0442\u044c\u0441\u044f 23-25 \u043a\u0432\u0456\u0442\u043d\u044f 2026 \u0440\u043e\u043a\u0443 \u0432 \u0425\u043c\u0435\u043b\u044c\u043d\u0438\u0446\u044c\u043a\u043e\u043c\u0443 \u043d\u0430\u0446\u0456\u043e\u043d\u0430\u043b\u044c\u043d\u043e\u043c\u0443 \u0443\u043d\u0456\u0432\u0435\u0440\u0441\u0438\u0442\u0435\u0442\u0456, \u043c. \u0425\u043c\u0435\u043b\u044c\u043d\u0438\u0446\u044c\u043a\u0438\u0439 (\u0423\u043a\u0440\u0430\u0457\u043d\u0430).<\/li>\n<\/ul>\n\n\n\n<ul>\n<li><strong>10.04.2026<\/strong> year - the deadline for submitting articles and applications for participation.<\/li>\n<\/ul>\n\n\n\n<p><strong>Conference venue<\/strong>:<\/p>\n\n\n\n<p>Conference hall of Khmelnytskyi National University (building 3, auditorium 3-401), Khmelnytskyi, Ukraine.<\/p>\n\n\n\n<p><strong>Form of participation<\/strong><\/p>\n\n\n\n<p>Participation in the conference is possible in-person and remote formats, that allows the participants to choose a convenient way of presenting their scientific research, join discussions and exchange ideas regardless of their location.<\/p>\n\n\n\n<p>For remote participation, the Zoom platform will be used. Links to the plenary and section sessions will be posted in the conference program and on this conference Web-page later.<\/p>\n\n\n\n<p><strong>Payment<\/strong>:<\/p>\n\n\n\n<p>Participation in the conference is <strong>free of charge.<\/strong>, which provides open access to scientific discussions, exchange of experiences, and publication of research results for all participants.<\/p>\n\n\n\n<p><strong>O konferencji<\/strong><\/p>\n\n\n\n<p><strong>III Mi\u0119dzynarodowa Konferencja Naukowa Student\u00f3w i M\u0142odych Naukowc\u00f3w \u201eProblemy i Innowacje w Rozwoju In\u017cynierii, Technologii i Transportu\u201d po\u015bwi\u0119cona 60-leciu Wydzia\u0142u In\u017cynierii, Transportu i Architektury<\/strong> to cykliczne wydarzenie naukowe organizowane przez Wydzia\u0142 In\u017cynierii, Transportu i Architektury Chmielnickiego Uniwersytetu Narodowego (Ukraina) oraz Wydzia\u0142 Mechaniczny Technologiczny Politechniki \u015al\u0105skiej (Polska). Konferencja stanowi platform\u0119 do komunikacji naukowej, wymiany wiedzy i wsp\u00f3\u0142pracy m\u0142odych badaczy i profesjonalist\u00f3w z r\u00f3\u017cnych dziedzin. W pierwszej konferencji wzi\u0119li udzia\u0142 przedstawiciele czo\u0142owych ukrai\u0144skich i europejskich uniwersytet\u00f3w, co potwierdza jej mi\u0119dzynarodowy status i znaczenie dla rozwoju \u015brodowiska naukowego.<\/p>\n\n\n\n<p><strong>Cele konferencji:<\/strong><\/p>\n\n\n\n<p>&#8211; promocja integracji i poszerzania mi\u0119dzynarodowej wsp\u00f3\u0142pracy naukowej w celu wdra\u017cania innowacyjnych rozwi\u0105za\u0144 w r\u00f3\u017cnych dziedzinach;<\/p>\n\n\n\n<p>&#8211; om\u00f3wienie aktualnych bada\u0144 naukowych i perspektyw ich rozwoju;<\/p>\n\n\n\n<p>&#8211; poszukiwanie efektywnych rozwi\u0105za\u0144 aktualnych problem\u00f3w wsp\u00f3\u0142czesnej nauki i techniki;<\/p>\n\n\n\n<p>&#8211; wymiana informacji, osi\u0105gni\u0119\u0107 naukowych i do\u015bwiadcze\u0144 praktycznych;<\/p>\n\n\n\n<p>&#8211; nawi\u0105zywanie kontakt\u00f3w pomi\u0119dzy przedstawicielami r\u00f3\u017cnych dziedzin nauki i publikowanie wynik\u00f3w bada\u0144.<\/p>\n\n\n\n<p><strong>Terminy<\/strong><\/p>\n\n\n\n<p>Konferencja odb\u0119dzie si\u0119 w dniach 23-25 kwietnia 2026 r. na Chmielnickim Uniwersytecie Narodowym, Chmielnicki (Ukraina).<\/p>\n\n\n\n<p>10 kwietnia 2026 r. \u2013 ostateczny termin nadsy\u0142ania artyku\u0142\u00f3w i zg\u0142osze\u0144 uczestnictwa.<\/p>\n\n\n\n<p><strong>Miejsce przeprowadzenia<\/strong><\/p>\n\n\n\n<p>Sala konferencyjna Chmielnickiego Uniwersytetu Narodowego (budynek 3, pok\u00f3j 3-401), Chmielnicki, Ukraina.<\/p>\n\n\n\n<p><strong>Format uczestnictwa <\/strong><\/p>\n\n\n\n<p>Udzia\u0142 w konferencji jest mo\u017cliwy zar\u00f3wno w formie stacjonarnej, jak i zdalnej, co pozwala uczestnikom wybra\u0107 dogodny spos\u00f3b prezentacji swoich bada\u0144 naukowych, udzia\u0142u w dyskusjach i wymiany pogl\u0105d\u00f3w, niezale\u017cnie od miejsca pobytu. Do udzia\u0142u zdalnego wykorzystana zostanie platforma Zoom. Linki do sesji plenarnych i sekcyjnych zostan\u0105 zamieszczone w programie konferencji. <\/p>\n\n\n\n<p><strong>Op\u0142aty<\/strong><\/p>\n\n\n\n<p>Udzia\u0142 w konferencji jest bezp\u0142atny, co zapewnia wszystkim uczestnikom otwarty dost\u0119p do dyskusji naukowych, wymiany do\u015bwiadcze\u0144 i publikacji wynik\u00f3w bada\u0144.<\/p>","protected":false},"excerpt":{"rendered":"<p>III \u041c\u0456\u0436\u043d\u0430\u0440\u043e\u0434\u043d\u0430 \u043d\u0430\u0443\u043a\u043e\u0432\u0430 \u043a\u043e\u043d\u0444\u0435\u0440\u0435\u043d\u0446\u0456\u044f \u0441\u0442\u0443\u0434\u0435\u043d\u0442\u0456\u0432 \u0456 \u043c\u043e\u043b\u043e\u0434\u0438\u0445 \u0432\u0447\u0435\u043d\u0438\u0445 \u00ab\u041f\u0440\u043e\u0431\u043b\u0435\u043c\u0438 \u0442\u0430 \u0456\u043d\u043d\u043e\u0432\u0430\u0446\u0456\u0457 \u0443 \u0440\u043e\u0437\u0432\u0438\u0442\u043a\u0443 \u0456\u043d\u0436\u0435\u043d\u0435\u0440\u0456\u0457, \u0442\u0435\u0445\u043d\u043e\u043b\u043e\u0433\u0456\u0439 \u0442\u0430 \u0442\u0440\u0430\u043d\u0441\u043f\u043e\u0440\u0442\u0443\u00bb \u043f\u0440\u0438\u0441\u0432\u044f\u0447\u0435\u043d\u0430 60-\u0440\u0456\u0447\u0447\u044e \u0444\u0430\u043a\u0443\u043b\u044c\u0442\u0435\u0442\u0443 \u0456\u043d\u0436\u0435\u043d\u0435\u0440\u0456\u0457, \u0442\u0440\u0430\u043d\u0441\u043f\u043e\u0440\u0442\u0443 \u0442\u0430 \u0430\u0440\u0445\u0456\u0442\u0435\u043a\u0442\u0443\u0440\u0438 \u2013 \u0446\u0435 \u0446\u0438\u043a\u043b\u0456\u0447\u043d\u0438\u0439 \u043d\u0430\u0443\u043a\u043e\u0432\u0438\u0439 \u0437\u0430\u0445\u0456\u0434, \u043e\u0440\u0433\u0430\u043d\u0456\u0437\u043e\u0432\u0430\u043d\u0438\u0439 \u0444\u0430\u043a\u0443\u043b\u044c\u0442\u0435\u0442\u043e\u043c \u0456\u043d\u0436\u0435\u043d\u0435\u0440\u0456\u0457, \u0442\u0440\u0430\u043d\u0441\u043f\u043e\u0440\u0442\u0443 \u0442\u0430 \u0430\u0440\u0445\u0456\u0442\u0435\u043a\u0442\u0443\u0440\u0438 \u0425\u043c\u0435\u043b\u044c\u043d\u0438\u0446\u044c\u043a\u043e\u0433\u043e \u043d\u0430\u0446\u0456\u043e\u043d\u0430\u043b\u044c\u043d\u043e\u0433\u043e \u0443\u043d\u0456\u0432\u0435\u0440\u0441\u0438\u0442\u0435\u0442\u0443 (\u0423\u043a\u0440\u0430\u0457\u043d\u0430) \u0442\u0430 \u043c\u0435\u0445\u0430\u043d\u0456\u043a\u043e-\u0442\u0435\u0445\u043d\u043e\u043b\u043e\u0433\u0456\u0447\u043d\u0438\u043c \u0444\u0430\u043a\u0443\u043b\u044c\u0442\u0435\u0442\u043e\u043c \u0421\u0456\u043b\u0435\u0437\u044c\u043a\u043e\u0433\u043e \u0442\u0435\u0445\u043d\u043e\u043b\u043e\u0433\u0456\u0447\u043d\u043e\u0433\u043e \u0443\u043d\u0456\u0432\u0435\u0440\u0441\u0438\u0442\u0435\u0442\u0443 (\u041f\u043e\u043b\u044c\u0449\u0430). \u041a\u043e\u043d\u0444\u0435\u0440\u0435\u043d\u0446\u0456\u044f \u0454 \u043f\u043b\u0430\u0442\u0444\u043e\u0440\u043c\u043e\u044e \u0434\u043b\u044f \u043d\u0430\u0443\u043a\u043e\u0432\u043e\u0457 \u043a\u043e\u043c\u0443\u043d\u0456\u043a\u0430\u0446\u0456\u0457, \u043e\u0431\u043c\u0456\u043d\u0443 \u0437\u043d\u0430\u043d\u043d\u044f\u043c\u0438 \u0442\u0430&hellip;&nbsp;<a href=\"https:\/\/piitt.khmnu.edu.ua\/en\/\" class=\"\" rel=\"bookmark\">Read More &raquo;<span class=\"screen-reader-text\">About the conference<\/span><\/a><\/p>","protected":false},"author":11,"featured_media":0,"parent":0,"menu_order":0,"comment_status":"closed","ping_status":"open","template":"","meta":{"neve_meta_sidebar":"","neve_meta_container":"","neve_meta_enable_content_width":"","neve_meta_content_width":0,"neve_meta_title_alignment":"","neve_meta_author_avatar":"","neve_post_elements_order":"","neve_meta_disable_header":"","neve_meta_disable_footer":"","neve_meta_disable_title":"","footnotes":""},"_links":{"self":[{"href":"https:\/\/piitt.khmnu.edu.ua\/en\/wp-json\/wp\/v2\/pages\/2"}],"collection":[{"href":"https:\/\/piitt.khmnu.edu.ua\/en\/wp-json\/wp\/v2\/pages"}],"about":[{"href":"https:\/\/piitt.khmnu.edu.ua\/en\/wp-json\/wp\/v2\/types\/page"}],"author":[{"embeddable":true,"href":"https:\/\/piitt.khmnu.edu.ua\/en\/wp-json\/wp\/v2\/users\/11"}],"replies":[{"embeddable":true,"href":"https:\/\/piitt.khmnu.edu.ua\/en\/wp-json\/wp\/v2\/comments?post=2"}],"version-history":[{"count":3,"href":"https:\/\/piitt.khmnu.edu.ua\/en\/wp-json\/wp\/v2\/pages\/2\/revisions"}],"predecessor-version":[{"id":310,"href":"https:\/\/piitt.khmnu.edu.ua\/en\/wp-json\/wp\/v2\/pages\/2\/revisions\/310"}],"wp:attachment":[{"href":"https:\/\/piitt.khmnu.edu.ua\/en\/wp-json\/wp\/v2\/media?parent=2"}],"curies":[{"name":"wp","href":"https:\/\/api.w.org\/{rel}","templated":true}]}}